{"id":145883,"date":"2024-11-05T22:30:50","date_gmt":"2024-11-05T22:30:50","guid":{"rendered":"https:\/\/academy.choiseul.es\/?page_id=145883"},"modified":"2024-11-20T00:26:49","modified_gmt":"2024-11-20T00:26:49","slug":"choiseul-100","status":"publish","type":"page","link":"http:\/\/instituto.choiseul.es\/index.php\/choiseul-100","title":{"rendered":"CHOISEUL 100"},"content":{"rendered":"<div class=\"wpb-content-wrapper\"><p>[vc_row row_height_percent=\u00bb0&#8243; override_padding=\u00bbyes\u00bb h_padding=\u00bb2&#8243; top_padding=\u00bb3&#8243; bottom_padding=\u00bb5&#8243; back_image=\u00bb145853&#8243; overlay_alpha=\u00bb80&#8243; gutter_size=\u00bb100&#8243; column_width_percent=\u00bb100&#8243; shift_y=\u00bb0&#8243; z_index=\u00bb0&#8243; top_divider=\u00bbgradient\u00bb content_parallax=\u00bb0&#8243; style=\u00bbinherited\u00bb row_name=\u00bbGallery\u00bb uncode_shortcode_id=\u00bb724354&#8243; back_color_type=\u00bbuncode-solid\u00bb back_color_solid=\u00bb#00b6ff\u00bb overlay_color_type=\u00bbuncode-gradient\u00bb shape_dividers=\u00bb\u00bb overlay_color_gradient=\u00bb{\u00abcss\u00ab:\u00abbackground: linear-gradient(to bottom , rgb(1, 159, 255) 12% , rgb(10, 56, 106) 49%);\u00ab,\u00absliders\u00ab:`{`{\u00abcolor\u00ab:\u00abrgb(1, 159, 255)\u00ab,\u00abposition\u00ab:12},{\u00abcolor\u00ab:\u00abrgb(10, 56, 106)\u00ab,\u00abposition\u00ab:49}`}`,\u00abtype\u00ab:\u00ablinear\u00ab,\u00abdirection\u00ab:\u00abtop\u00ab}\u00bb][vc_column column_width_percent=\u00bb100&#8243; align_horizontal=\u00bbalign_center\u00bb gutter_size=\u00bb4&#8243; style=\u00bbdark\u00bb overlay_alpha=\u00bb100&#8243; shift_x=\u00bb0&#8243; shift_y=\u00bb0&#8243; medium_width=\u00bb0&#8243; zoom_width=\u00bb0&#8243; zoom_height=\u00bb0&#8243; width=\u00bb1\/1&#8243; mobile_width_full=\u00bb\u00bb][vc_row_inner row_inner_height_percent=\u00bb0&#8243; overlay_alpha=\u00bb50&#8243; gutter_size=\u00bb3&#8243; shift_y=\u00bb0&#8243;][vc_column_inner column_width_use_pixel=\u00bbyes\u00bb align_horizontal=\u00bbalign_center\u00bb gutter_size=\u00bb2&#8243; style=\u00bbdark\u00bb overlay_alpha=\u00bb100&#8243; shift_x=\u00bb0&#8243; shift_y=\u00bb0&#8243; medium_width=\u00bb0&#8243; zoom_width=\u00bb0&#8243; zoom_height=\u00bb0&#8243; width=\u00bb1\/1&#8243; column_width_pixel=\u00bb600&#8243; mobile_width_full=\u00bb\u00bb][vc_custom_heading text_color=\u00bbcolor-xsdn\u00bb heading_semantic=\u00bbh3&#8243; text_size=\u00bbh1&#8243; sub_lead=\u00bbyes\u00bb sub_reduced=\u00bbyes\u00bb css_animation=\u00bbbottom-t-top\u00bb animation_delay=\u00bb100&#8243; text_align=\u00bbtext-center\u00bb text_uppercase=\u00bb\u00bb text_serif=\u00bb\u00bb uncode_shortcode_id=\u00bb824049&#8243; text_color_type=\u00bbuncode-palette\u00bb]Conoce a los 100 Espa\u00f1oles que trascienden fronteras y est\u00e1n cambiando la Geopol\u00edtica mundial[\/vc_custom_heading][\/vc_column_inner][\/vc_row_inner][vc_gallery el_id=\u00bbgallery-73689423&#8243; type=\u00bbcarousel\u00bb medias=\u00bb146178,146182,146181,146180,146179&#8243; carousel_lg=\u00bb1&#8243; carousel_md=\u00bb2&#8243; carousel_sm=\u00bb1&#8243; thumb_size=\u00bbnine-sixteen\u00bb gutter_size=\u00bb4&#8243; media_items=\u00bbmedia|custom_link|original,icon|md\u00bb carousel_interval=\u00bb0&#8243; carousel_navspeed=\u00bb400&#8243; carousel_loop=\u00bbyes\u00bb carousel_overflow=\u00bbyes\u00bb carousel_dots=\u00bbyes\u00bb stage_padding=\u00bb70&#8243; single_shape=\u00bbround\u00bb radius=\u00bbhg\u00bb single_overlay_color=\u00bbcolor-wayh\u00bb single_overlay_opacity=\u00bb50&#8243; single_image_anim=\u00bbno\u00bb single_h_align=\u00bbcenter\u00bb single_padding=\u00bb2&#8243; single_icon=\u00bbfa fa-plus2&#8243; single_shadow=\u00bbyes\u00bb shadow_weight=\u00bblg\u00bb shadow_darker=\u00bbyes\u00bb single_border=\u00bbyes\u00bb single_css_animation=\u00bbzoom-in\u00bb single_animation_delay=\u00bb200&#8243; carousel_rtl=\u00bb\u00bb single_title_uppercase=\u00bb\u00bb single_half_padding=\u00bb\u00bb single_title_serif=\u00bb\u00bb single_no_background=\u00bb\u00bb uncode_shortcode_id=\u00bb140871&#8243; items=\u00bbeyIxNDYxNzhfaSI6eyJiYWNrX2ltYWdlIjoiMTQ2MTM2Iiwic2luZ2xlX2xheW91dF9tZWRpYV9pdGVtcyI6Im1lZGlhfGN1c3RvbV9saW5rfG9yaWdpbmFsLGljb258bWQiLCJzaW5nbGVfbGluayI6InVybDpodHRwJTNBJTJGJTJGYWNhZGVteS5jaG9pc2V1bC5lcyUyRndwLWNvbnRlbnQlMkZ1cGxvYWRzJTJGMjAyNCUyRjExJTJGQ2hvaXNldWwtMTAwLTIwMjRfRklOQUxfY29tcHJlc3NlZC5wZGZ8dGFyZ2V0Ol9ibGFuayJ9LCIxNDYxODJfaSI6eyJzaW5nbGVfbGluayI6InVybDpodHRwJTNBJTJGJTJGYWNhZGVteS5jaG9pc2V1bC5lcyUyRndwLWNvbnRlbnQlMkZ1cGxvYWRzJTJGMjAyNCUyRjExJTJGTGlkZXJlcy1Fc3BhbmEtMjAxOC5wZGZ8dGFyZ2V0Ol9ibGFuayJ9LCIxNDYxODFfaSI6eyJzaW5nbGVfbGluayI6InVybDpodHRwJTNBJTJGJTJGYWNhZGVteS5jaG9pc2V1bC5lcyUyRndwLWNvbnRlbnQlMkZ1cGxvYWRzJTJGMjAyNCUyRjExJTJGTGlkZXJlcy1Fc3BhbmEtMjAxNy5wZGZ8dGFyZ2V0Ol9ibGFuayJ9LCIxNDYxNzlfaSI6eyJzaW5nbGVfbGluayI6InVybDpodHRwJTNBJTJGJTJGYWNhZGVteS5jaG9pc2V1bC5lcyUyRndwLWNvbnRlbnQlMkZ1cGxvYWRzJTJGMjAyNCUyRjExJTJGQ2hvaXNldWwtMTAwLUFmcmljYS0yMDE1LVZBLnBkZnx0YXJnZXQ6X2JsYW5rIn0sIjE0NjE4MF9pIjp7InNpbmdsZV9saW5rIjoidXJsOmh0dHAlM0ElMkYlMkZhY2FkZW15LmNob2lzZXVsLmVzJTJGd3AtY29udGVudCUyRnVwbG9hZHMlMkYyMDI0JTJGMTElMkZMaWRlcmVzLUVzcGFuYS0yMDE2LnBkZnx0YXJnZXQ6X2JsYW5rIn19&#8243;][\/vc_column][\/vc_row]<\/p>\n<\/div>","protected":false},"excerpt":{"rendered":"<p>[vc_row row_height_percent=\u00bb0&#8243; override_padding=\u00bbyes\u00bb h_padding=\u00bb2&#8243; top_padding=\u00bb3&#8243; bottom_padding=\u00bb5&#8243; back_image=\u00bb145853&#8243; overlay_alpha=\u00bb80&#8243; gutter_size=\u00bb100&#8243; column_width_percent=\u00bb100&#8243; shift_y=\u00bb0&#8243; z_index=\u00bb0&#8243; top_divider=\u00bbgradient\u00bb content_parallax=\u00bb0&#8243; style=\u00bbinherited\u00bb row_name=\u00bbGallery\u00bb uncode_shortcode_id=\u00bb724354&#8243; back_color_type=\u00bbuncode-solid\u00bb back_color_solid=\u00bb#00b6ff\u00bb overlay_color_type=\u00bbuncode-gradient\u00bb [&hellip;]<\/p>\n","protected":false},"author":1,"featured_media":145853,"parent":0,"menu_order":0,"comment_status":"open","ping_status":"closed","template":"","meta":{"footnotes":""},"class_list":["post-145883","page","type-page","status-publish","has-post-thumbnail","hentry","page_category-demo-blog"],"_links":{"self":[{"href":"http:\/\/instituto.choiseul.es\/index.php\/wp-json\/wp\/v2\/pages\/145883"}],"collection":[{"href":"http:\/\/instituto.choiseul.es\/index.php\/wp-json\/wp\/v2\/pages"}],"about":[{"href":"http:\/\/instituto.choiseul.es\/index.php\/wp-json\/wp\/v2\/types\/page"}],"author":[{"embeddable":true,"href":"http:\/\/instituto.choiseul.es\/index.php\/wp-json\/wp\/v2\/users\/1"}],"replies":[{"embeddable":true,"href":"http:\/\/instituto.choiseul.es\/index.php\/wp-json\/wp\/v2\/comments?post=145883"}],"version-history":[{"count":71,"href":"http:\/\/instituto.choiseul.es\/index.php\/wp-json\/wp\/v2\/pages\/145883\/revisions"}],"predecessor-version":[{"id":146244,"href":"http:\/\/instituto.choiseul.es\/index.php\/wp-json\/wp\/v2\/pages\/145883\/revisions\/146244"}],"wp:featuredmedia":[{"embeddable":true,"href":"http:\/\/instituto.choiseul.es\/index.php\/wp-json\/wp\/v2\/media\/145853"}],"wp:attachment":[{"href":"http:\/\/instituto.choiseul.es\/index.php\/wp-json\/wp\/v2\/media?parent=145883"}],"curies":[{"name":"wp","href":"https:\/\/api.w.org\/{rel}","templated":true}]}}