{"id":145871,"date":"2024-11-05T22:17:01","date_gmt":"2024-11-05T22:17:01","guid":{"rendered":"https:\/\/academy.choiseul.es\/?page_id=145871"},"modified":"2024-11-20T08:05:15","modified_gmt":"2024-11-20T08:05:15","slug":"mision-2","status":"publish","type":"page","link":"https:\/\/instituto.choiseul.es\/index.php\/mision-2","title":{"rendered":"Misi\u00f3n"},"content":{"rendered":"<div class=\"wpb-content-wrapper\"><p>[vc_row row_height_percent=\u00bb0&#8243; override_padding=\u00bbyes\u00bb h_padding=\u00bb2&#8243; top_padding=\u00bb5&#8243; bottom_padding=\u00bb3&#8243; overlay_alpha=\u00bb100&#8243; gutter_size=\u00bb3&#8243; column_width_percent=\u00bb100&#8243; shift_y=\u00bb0&#8243; z_index=\u00bb0&#8243; row_height_use_pixel=\u00bb\u00bb][vc_column column_width_use_pixel=\u00bbyes\u00bb gutter_size=\u00bb3&#8243; overlay_alpha=\u00bb50&#8243; shift_x=\u00bb0&#8243; shift_y=\u00bb0&#8243; medium_width=\u00bb0&#8243; zoom_width=\u00bb0&#8243; zoom_height=\u00bb0&#8243; column_width_pixel=\u00bb800&#8243;][uncode_breadcrumbs][vc_custom_heading text_color=\u00bbcolor-jevc\u00bb uncode_shortcode_id=\u00bb807271&#8243; text_color_type=\u00bbuncode-palette\u00bb]Misi\u00f3n[\/vc_custom_heading][vc_column_text uncode_shortcode_id=\u00bb707414&#8243;]<span style=\"font-weight: 400;\">El <\/span><b>Instituto Choiseul<\/b> <b>Espa\u00f1a<\/b><span style=\"font-weight: 400;\"> es un centro de investigaci\u00f3n independiente dedicado al an\u00e1lisis de las principales cuestiones de pol\u00edtica internacional y su incidencia en el \u00e1mbito empresarial. Compartimos una visi\u00f3n global, con especial atenci\u00f3n a Europa, Am\u00e9rica Latina, y Oriente Medio.<\/span><\/p>\n<p><span style=\"font-weight: 400;\">La vocaci\u00f3n del <\/span><b>Instituto Choiseul Espa\u00f1a<\/b><span style=\"font-weight: 400;\"> actuando como <\/span><i><span style=\"font-weight: 400;\">action tank<\/span><\/i><span style=\"font-weight: 400;\"> se dirige a crear los espacios de di\u00e1logo en la encrucijada del mundo pol\u00edtico e institucional, del mundo de la econom\u00eda y del mundo de las ideas, as\u00ed como fertilizar los debates sobre las problem\u00e1ticas estrat\u00e9gicas. A la vez, el <\/span><b>Instituto Choiseul Espa\u00f1a<\/b><span style=\"font-weight: 400;\"> act\u00faa como enlace privilegiado y socio de instituciones y empresas, ayudando en las decisiones de los actores de tales organizaciones para mantener y aumentar la presencia de Espa\u00f1a a nivel internacional. De esta manera, el per\u00edmetro de actuaci\u00f3n del <\/span><b>Instituto Choiseul Espa\u00f1a<\/b><span style=\"font-weight: 400;\"> es internacional y multisectorial.<\/span><\/p>\n<p><span style=\"font-weight: 400;\">Los valores defendidos por el <\/span><b>Instituto Choiseul<\/b><span style=\"font-weight: 400;\"> se enmarcan en la responsabilidad individual, los valores democr\u00e1ticos, la libre empresa y la defensa de los intereses nacionales y europeos, considerando el papel fundamental que ostentan los Estados y las instituciones p\u00fablicas en el seno de la Uni\u00f3n Europea; a los que se a\u00f1aden las imprescindibles actividades del sector privado y de la sociedad civil, claves en la formulaci\u00f3n y an\u00e1lisis de las pol\u00edticas p\u00fablicas y de las relaciones internacionales en el entramado global del mundo del siglo XXI.<\/span><\/p>\n<p><span style=\"font-weight: 400;\">El <\/span><b>Instituto Choiseul<\/b> <b>Espa\u00f1a<\/b><span style=\"font-weight: 400;\"> cuenta entre sus socios fundadores a personas de reconocido prestigio con amplia experiencia internacional en muy variadas responsabilidades, lo que permite enfocar sus actividades desde un prisma global, tanto en los aspectos econ\u00f3micos como pol\u00edticos o culturales. El equipo de expertos de <\/span><b>Choiseul Academy, <\/b><span style=\"font-weight: 400;\">la rama acad\u00e9mica y de consultor\u00eda del <\/span><b>Instituto Choiseul Espa\u00f1a<\/b><span style=\"font-weight: 400;\">, cuenta igualmente con un plantel de personas relevantes, lo que permite implementar una nueva visi\u00f3n de los problemas globales desde una perspectiva hisp\u00e1nica.<\/span>[\/vc_column_text][uncode_share layout=\u00bbmultiple\u00bb][uncode_copyright][\/vc_column][\/vc_row]<\/p>\n<\/div>","protected":false},"excerpt":{"rendered":"<p>[vc_row row_height_percent=\u00bb0&#8243; override_padding=\u00bbyes\u00bb h_padding=\u00bb2&#8243; top_padding=\u00bb5&#8243; bottom_padding=\u00bb3&#8243; overlay_alpha=\u00bb100&#8243; gutter_size=\u00bb3&#8243; column_width_percent=\u00bb100&#8243; shift_y=\u00bb0&#8243; z_index=\u00bb0&#8243; row_height_use_pixel=\u00bb\u00bb][vc_column column_width_use_pixel=\u00bbyes\u00bb gutter_size=\u00bb3&#8243; overlay_alpha=\u00bb50&#8243; shift_x=\u00bb0&#8243; shift_y=\u00bb0&#8243; medium_width=\u00bb0&#8243; zoom_width=\u00bb0&#8243; zoom_height=\u00bb0&#8243; [&hellip;]<\/p>\n","protected":false},"author":1,"featured_media":145209,"parent":0,"menu_order":0,"comment_status":"open","ping_status":"closed","template":"","meta":{"footnotes":""},"class_list":["post-145871","page","type-page","status-publish","has-post-thumbnail","hentry","page_category-demo-blog"],"_links":{"self":[{"href":"https:\/\/instituto.choiseul.es\/index.php\/wp-json\/wp\/v2\/pages\/145871"}],"collection":[{"href":"https:\/\/instituto.choiseul.es\/index.php\/wp-json\/wp\/v2\/pages"}],"about":[{"href":"https:\/\/instituto.choiseul.es\/index.php\/wp-json\/wp\/v2\/types\/page"}],"author":[{"embeddable":true,"href":"https:\/\/instituto.choiseul.es\/index.php\/wp-json\/wp\/v2\/users\/1"}],"replies":[{"embeddable":true,"href":"https:\/\/instituto.choiseul.es\/index.php\/wp-json\/wp\/v2\/comments?post=145871"}],"version-history":[{"count":12,"href":"https:\/\/instituto.choiseul.es\/index.php\/wp-json\/wp\/v2\/pages\/145871\/revisions"}],"predecessor-version":[{"id":146083,"href":"https:\/\/instituto.choiseul.es\/index.php\/wp-json\/wp\/v2\/pages\/145871\/revisions\/146083"}],"wp:featuredmedia":[{"embeddable":true,"href":"https:\/\/instituto.choiseul.es\/index.php\/wp-json\/wp\/v2\/media\/145209"}],"wp:attachment":[{"href":"https:\/\/instituto.choiseul.es\/index.php\/wp-json\/wp\/v2\/media?parent=145871"}],"curies":[{"name":"wp","href":"https:\/\/api.w.org\/{rel}","templated":true}]}}