{"id":146093,"date":"2024-11-11T07:30:19","date_gmt":"2024-11-11T07:30:19","guid":{"rendered":"https:\/\/academy.choiseul.es\/?page_id=146093"},"modified":"2024-11-20T09:00:21","modified_gmt":"2024-11-20T09:00:21","slug":"choiseul-academy","status":"publish","type":"page","link":"https:\/\/instituto.choiseul.es\/index.php\/choiseul-academy","title":{"rendered":"CHOISEUL ACADEMY\u00a9"},"content":{"rendered":"<div class=\"wpb-content-wrapper\"><p>[vc_row row_height_percent=\u00bb0&#8243; override_padding=\u00bbyes\u00bb h_padding=\u00bb2&#8243; top_padding=\u00bb5&#8243; bottom_padding=\u00bb3&#8243; overlay_alpha=\u00bb100&#8243; gutter_size=\u00bb3&#8243; column_width_percent=\u00bb100&#8243; shift_y=\u00bb0&#8243; z_index=\u00bb0&#8243; row_height_use_pixel=\u00bb\u00bb][vc_column column_width_use_pixel=\u00bbyes\u00bb gutter_size=\u00bb3&#8243; overlay_alpha=\u00bb50&#8243; shift_x=\u00bb0&#8243; shift_y=\u00bb0&#8243; medium_width=\u00bb0&#8243; zoom_width=\u00bb0&#8243; zoom_height=\u00bb0&#8243; column_width_pixel=\u00bb800&#8243;][uncode_breadcrumbs][vc_custom_heading text_color=\u00bbcolor-jevc\u00bb uncode_shortcode_id=\u00bb196072&#8243; text_color_type=\u00bbuncode-palette\u00bb]<b>CHOISEUL ACADEMY \u00a9:<br \/>\nUNA INICIATIVA DEL INSTITUTO CHOISEUL ESPA\u00d1A<\/b>[\/vc_custom_heading][vc_column_text css_animation=\u00bbparallax\u00bb parallax_intensity=\u00bb1&#8243; uncode_shortcode_id=\u00bb105225&#8243;]<b>INTRODUCCI\u00d3N<\/b><br \/>\n<span style=\"font-weight: 400;\"><b>\u00b7<\/b>La complejidad del mundo actual afecta a la econom\u00eda de tal manera que el futuro, incluso a corto plazo, puede cambiar irrevocablemente los paradigmas estrat\u00e9gicos de empresas e instituciones.<\/span><\/p>\n<p><span style=\"font-weight: 400;\"><b>\u00b7<\/b>Los aspectos geopol\u00edticos que, en el pasado, no eran relevantes, son hoy uno de los factores m\u00e1s importantes en el desempe\u00f1o econ\u00f3mico de instituciones y corporaciones. En este sentido, las t\u00e9cnicas tradicionales de consultor\u00eda no ayudan en muchos casos a los ejecutivos que deben tomar decisiones r\u00e1pidas y contundentes.<\/span><\/p>\n<p><span style=\"font-weight: 400;\"><b>\u00b7<\/b>Un hecho que requiere de nuevos enfoques de liderazgo y creaci\u00f3n de valor diferentes a los que\u00a0 se han venido utilizando hasta la fecha, donde la informaci\u00f3n muchas veces tiene poco valor y necesita de la combinaci\u00f3n y experiencia de profesionales que aporten soluciones con una visi\u00f3n hol\u00edstica.<\/span><\/p>\n<p><span style=\"font-weight: 400;\"><strong>\u00b7<\/strong>La interpretaci\u00f3n de las complejidades y riesgos\u00a0 actuales requiere de profesionales con experiencia y conocimientos, que est\u00e9n conectados en red y no\u00a0 limitados por las relaciones que imponen los circuitos cerrados de las empresas, de forma que puedan, en funci\u00f3n de las necesidades, abordar los problemas desde la casu\u00edstica y la experiencia personal.<\/span><\/p>\n<p><b>\u00b7Choiseul Academy <\/b><span style=\"font-weight: 400;\">es una actividad acad\u00e9mica y de consultor\u00eda del <\/span><b>Instituto Choiseul Espa\u00f1a <\/b><span style=\"font-weight: 400;\">que ofrece la singularidad de que combina eficazmente a reconocidos expertos internacionales y puede ser un socio \u00fatil que ayude\u00a0 a definir la estrategia de empresas e instituciones de forma din\u00e1mica y ajustada a sus necesidades\u00a0 en tres grandes direcciones: 1) visi\u00f3n sobre los aspectos geopol\u00edticos que afectan a empresas e instituciones, 2) soluciones a trav\u00e9s de t\u00e9cnicas basadas en inteligencia econ\u00f3mica y t\u00e9cnicas de Inteligencia Artificial, y 3) ayuda a los equipos directivos con nuevas visiones estrat\u00e9gicas para\u00a0 implementar un liderazgo corporativo m\u00e1s eficaz.<\/span><\/p>\n<p><b>ACTIVIDADES<\/b><\/p>\n<p><b>\u00b7Choiseul Academy, <\/b><span style=\"font-weight: 400;\">a trav\u00e9s de su equipo de expertos, ofrece una visi\u00f3n global de las cuestiones econ\u00f3micas y pol\u00edticas, con especial atenci\u00f3n a Europa, Am\u00e9rica Latina, y Oriente Medio, en sus diferentes y complejas geograf\u00edas, as\u00ed como China y otros pa\u00edses como Rusia. <\/span><b>Choiseul Academy<\/b><span style=\"font-weight: 400;\">\u00a0garantiza que sus clientes y aliados est\u00e9n bien informados sobre el panorama econ\u00f3mico y pol\u00edtico mundial, lo que infunde confianza y conocimiento.<\/span><\/p>\n<p><span style=\"font-weight: 400;\"><b>\u00b7<\/b>Las actividades de <\/span><b>Choiseul Academy <\/b><span style=\"font-weight: 400;\">se articulan con la participaci\u00f3n de su equipo de expertos, de forma presencial u online, en torno a tres ejes principales:<\/span><\/p>\n<ol>\n<li style=\"font-weight: 400;\" aria-level=\"1\"><span style=\"font-weight: 400;\">Elaboraci\u00f3n de estudios y an\u00e1lisis geopol\u00edticos apoyado por inteligencia econ\u00f3mica competitiva y t\u00e9cnicas de liderazgo dirigidas a instituciones y empresas que influyen en su rumbo estrat\u00e9gico, alert\u00e1ndoles de los riesgos que pueden surgir en sus actividades o en las regiones donde operan.<\/span><\/li>\n<li style=\"font-weight: 400;\" aria-level=\"1\"><span style=\"font-weight: 400;\">Programas, seminarios y conferencias en forma de debate abierto, bajo un modelo de confidencialidad \u00abestilo Chatham House\u00bb, donde se tratar\u00e1n en sesiones cortas los problemas que m\u00e1s interesan a los ejecutivos o l\u00edderes de las organizaciones que consideran conveniente la participaci\u00f3n de <\/span><b>Choiseul Academy<\/b><span style=\"font-weight: 400;\">.<\/span><\/li>\n<li style=\"font-weight: 400;\" aria-level=\"1\"><span style=\"font-weight: 400;\">Proyectos exclusivos de creaci\u00f3n de valor organizativo, ejecutivo o financiero, o esquemas de liderazgo internacional en\u00a0 un modelo de partnership con l\u00edderes empresariales o institucionales que decidan contar con la experiencia del equipo de <\/span><b>Choiseul Academy <\/b><span style=\"font-weight: 400;\">con sus diferentes conocimientos verticales, tecnol\u00f3gicos, sectoriales u horizontales, en funci\u00f3n de las geograf\u00edas, pa\u00edses o regiones que se consideren cr\u00edticas.<\/span><\/li>\n<\/ol>\n<p><b>\u00b7Choiseul Academy<\/b><span style=\"font-weight: 400;\">, por su parte, aporta metodolog\u00edas basadas en Inteligencia Artificial bajo el sistema propietario <\/span><b>Deep Value Map\u00a9, desarrollado en colaboraci\u00f3n con el Air Institute, <\/b><span style=\"font-weight: 400;\">que pueden ser utilizadas para crear escenarios futuros que alerten a las empresas u organizaciones sobre las mejores decisiones a tomar para prevenir riesgos futuros, as\u00ed como mejorar la estructura de sus operaciones estrat\u00e9gicas.<\/span><\/p>\n<p><b>CONTEXTO<\/b><\/p>\n<p><span style=\"font-weight: 400;\"><b>\u00b7<\/b>Dada su experiencia, los sectores en los que <\/span><b>Choiseul Academy <\/b><span style=\"font-weight: 400;\">puede ofrecer una asistencia especial incluyen: el sector financiero, el sector energ\u00e9tico, la industria (especialmente el sector de la automoci\u00f3n), la distribuci\u00f3n, la Defensa y el comercio minorista, etc. Esto se complementa con un profundo conocimiento de las geograf\u00edas en las que operan o tienen intereses las organizaciones que\u00a0 \u00a0 desean contar con la experiencia de <\/span><b>Choiseul Academy<\/b><span style=\"font-weight: 400;\">.<\/span><\/p>\n<p><span style=\"font-weight: 400;\"><b>\u00b7<\/b>Adem\u00e1s de lo anterior, <\/span><b>Choiseul Academy <\/b><span style=\"font-weight: 400;\">trabaja en el an\u00e1lisis de los riesgos que pueden surgir en la actualidad o en el futuro debido a los complejos conflictos geopol\u00edticos que existen o pueden surgir, as\u00ed como las posibles crisis econ\u00f3micas o tecnol\u00f3gicas que, por el momento, est\u00e1n ocultas, aunque pueden surgir de manera imprevista.<\/span><\/p>\n<p><span style=\"font-weight: 400;\"><b>\u00b7<\/b>El equipo de Asesores Senior de <\/span><b>Choiseul Academy <\/b><span style=\"font-weight: 400;\">est\u00e1n a disposici\u00f3n de las organizaciones que lo deseen para desarrollar las actividades anteriores en la forma en que se estime oportuna y m\u00e1s conveniente para ayudar en la definici\u00f3n de las estrategias\u00a0 \u00a0 m\u00e1s adecuadas o para conocer en detalle el complejo marco geopol\u00edtico que puede afectar a dichas estrategias, incluyendo las sesiones necesarias para ayudar a los equipos directivos a implementar un liderazgo acorde a las necesidades y riesgos actuales. Adem\u00e1s, dada la experiencia del equipo de <\/span><b>Choiseul Academy<\/b><span style=\"font-weight: 400;\">, se proporcionar\u00e1n metodolog\u00edas y sistemas de Inteligencia Artificial, an\u00e1lisis de riesgos y metodolog\u00edas complementarias, si fuera necesario, para ayudar en el proceso de toma de decisiones.<\/span><\/p>\n<p><span style=\"font-weight: 400;\"><b>\u00b7<\/b>Sin \u00e1nimo de ser exhaustivos, los curr\u00edculos de los componentes de <\/span><b>Choiseul Academy <\/b><span style=\"font-weight: 400;\">demuestran por s\u00ed solos las capacidades de sus componentes y los beneficios que pueden derivarse de las reuniones, proyectos o actividades que podr\u00edan llevarse a cabo con estos profesionales.<\/span><\/p>\n<p><span style=\"font-weight: 400;\">Las sesiones y proyectos de consultor\u00eda, en cualquier caso, contar\u00e1n siempre con la participaci\u00f3n de al menos dos o tres miembros del equipo de <\/span><b>Choiseul Academy <\/b><span style=\"font-weight: 400;\">para hacer m\u00e1s efectivas las aportaciones de forma interdisciplinar.<\/span>[\/vc_column_text][uncode_share layout=\u00bbmultiple\u00bb][uncode_copyright][\/vc_column][\/vc_row]<\/p>\n<\/div>","protected":false},"excerpt":{"rendered":"<p>[vc_row row_height_percent=\u00bb0&#8243; override_padding=\u00bbyes\u00bb h_padding=\u00bb2&#8243; top_padding=\u00bb5&#8243; bottom_padding=\u00bb3&#8243; overlay_alpha=\u00bb100&#8243; gutter_size=\u00bb3&#8243; column_width_percent=\u00bb100&#8243; shift_y=\u00bb0&#8243; z_index=\u00bb0&#8243; row_height_use_pixel=\u00bb\u00bb][vc_column column_width_use_pixel=\u00bbyes\u00bb gutter_size=\u00bb3&#8243; overlay_alpha=\u00bb50&#8243; shift_x=\u00bb0&#8243; shift_y=\u00bb0&#8243; medium_width=\u00bb0&#8243; zoom_width=\u00bb0&#8243; zoom_height=\u00bb0&#8243; [&hellip;]<\/p>\n","protected":false},"author":1,"featured_media":145835,"parent":0,"menu_order":0,"comment_status":"open","ping_status":"closed","template":"","meta":{"footnotes":""},"class_list":["post-146093","page","type-page","status-publish","has-post-thumbnail","hentry","page_category-demo-blog"],"_links":{"self":[{"href":"https:\/\/instituto.choiseul.es\/index.php\/wp-json\/wp\/v2\/pages\/146093"}],"collection":[{"href":"https:\/\/instituto.choiseul.es\/index.php\/wp-json\/wp\/v2\/pages"}],"about":[{"href":"https:\/\/instituto.choiseul.es\/index.php\/wp-json\/wp\/v2\/types\/page"}],"author":[{"embeddable":true,"href":"https:\/\/instituto.choiseul.es\/index.php\/wp-json\/wp\/v2\/users\/1"}],"replies":[{"embeddable":true,"href":"https:\/\/instituto.choiseul.es\/index.php\/wp-json\/wp\/v2\/comments?post=146093"}],"version-history":[{"count":14,"href":"https:\/\/instituto.choiseul.es\/index.php\/wp-json\/wp\/v2\/pages\/146093\/revisions"}],"predecessor-version":[{"id":146164,"href":"https:\/\/instituto.choiseul.es\/index.php\/wp-json\/wp\/v2\/pages\/146093\/revisions\/146164"}],"wp:featuredmedia":[{"embeddable":true,"href":"https:\/\/instituto.choiseul.es\/index.php\/wp-json\/wp\/v2\/media\/145835"}],"wp:attachment":[{"href":"https:\/\/instituto.choiseul.es\/index.php\/wp-json\/wp\/v2\/media?parent=146093"}],"curies":[{"name":"wp","href":"https:\/\/api.w.org\/{rel}","templated":true}]}}