{"id":146223,"date":"2024-11-19T23:54:49","date_gmt":"2024-11-19T23:54:49","guid":{"rendered":"https:\/\/academy.choiseul.es\/?page_id=146223"},"modified":"2024-11-20T08:48:00","modified_gmt":"2024-11-20T08:48:00","slug":"publicaciones","status":"publish","type":"page","link":"https:\/\/instituto.choiseul.es\/index.php\/publicaciones","title":{"rendered":"PUBLICACIONES"},"content":{"rendered":"<div class=\"wpb-content-wrapper\"><p>[vc_row row_height_percent=\u00bb0&#8243; override_padding=\u00bbyes\u00bb h_padding=\u00bb2&#8243; top_padding=\u00bb2&#8243; bottom_padding=\u00bb2&#8243; back_color=\u00bbcolor-210407&#8243; overlay_alpha=\u00bb0&#8243; gutter_size=\u00bb100&#8243; column_width_percent=\u00bb100&#8243; shift_y=\u00bb0&#8243; z_index=\u00bb0&#8243; top_divider=\u00bbgradient\u00bb content_parallax=\u00bb0&#8243; style=\u00bbinherited\u00bb row_name=\u00bbGallery\u00bb uncode_shortcode_id=\u00bb102906&#8243; back_color_type=\u00bbuncode-palette\u00bb][vc_column column_width_percent=\u00bb100&#8243; align_horizontal=\u00bbalign_center\u00bb gutter_size=\u00bb4&#8243; style=\u00bbdark\u00bb overlay_alpha=\u00bb100&#8243; shift_x=\u00bb0&#8243; shift_y=\u00bb0&#8243; medium_width=\u00bb0&#8243; zoom_width=\u00bb0&#8243; zoom_height=\u00bb0&#8243; width=\u00bb1\/1&#8243; mobile_width_full=\u00bb\u00bb][vc_row_inner row_inner_height_percent=\u00bb0&#8243; overlay_alpha=\u00bb50&#8243; gutter_size=\u00bb3&#8243; shift_y=\u00bb0&#8243;][vc_column_inner column_width_use_pixel=\u00bbyes\u00bb align_horizontal=\u00bbalign_center\u00bb gutter_size=\u00bb2&#8243; style=\u00bbdark\u00bb overlay_alpha=\u00bb100&#8243; shift_x=\u00bb0&#8243; shift_y=\u00bb0&#8243; medium_width=\u00bb0&#8243; zoom_width=\u00bb0&#8243; zoom_height=\u00bb0&#8243; width=\u00bb1\/1&#8243; column_width_pixel=\u00bb600&#8243; mobile_width_full=\u00bb\u00bb][vc_custom_heading heading_semantic=\u00bbh3&#8243; text_size=\u00bbh1&#8243; sub_lead=\u00bbyes\u00bb sub_reduced=\u00bbyes\u00bb css_animation=\u00bbbottom-t-top\u00bb animation_delay=\u00bb100&#8243; text_align=\u00bbtext-center\u00bb text_uppercase=\u00bb\u00bb text_serif=\u00bb\u00bb subheading=\u00bbDescubre an\u00e1lisis profundos sobre geopol\u00edtica y econom\u00eda\u00bb uncode_shortcode_id=\u00bb210322&#8243;]Publicaciones[\/vc_custom_heading][\/vc_column_inner][\/vc_row_inner][vc_gallery el_id=\u00bbgallery-73689423&#8243; type=\u00bbcarousel\u00bb medias=\u00bb146183,146185,146186,146187,146188,146189,146190,146184&#8243; carousel_lg=\u00bb1&#8243; carousel_md=\u00bb2&#8243; carousel_sm=\u00bb1&#8243; thumb_size=\u00bbnine-sixteen\u00bb gutter_size=\u00bb4&#8243; media_items=\u00bbmedia|custom_link|original,icon|md\u00bb carousel_interval=\u00bb0&#8243; carousel_navspeed=\u00bb700&#8243; carousel_loop=\u00bbyes\u00bb carousel_overflow=\u00bbyes\u00bb carousel_dots=\u00bbyes\u00bb carousel_dots_space=\u00bbyes\u00bb carousel_dots_mobile=\u00bbyes\u00bb stage_padding=\u00bb70&#8243; single_shape=\u00bbround\u00bb radius=\u00bbhg\u00bb single_overlay_color=\u00bbcolor-wayh\u00bb single_overlay_opacity=\u00bb50&#8243; single_image_anim=\u00bbno\u00bb single_h_align=\u00bbcenter\u00bb single_padding=\u00bb2&#8243; single_icon=\u00bbfa fa-plus2&#8243; single_shadow=\u00bbyes\u00bb shadow_weight=\u00bblg\u00bb shadow_darker=\u00bbyes\u00bb single_border=\u00bbyes\u00bb single_css_animation=\u00bbbottom-t-top\u00bb single_animation_delay=\u00bb200&#8243; lbox_no_tmb=\u00bbyes\u00bb carousel_rtl=\u00bb\u00bb single_title_uppercase=\u00bb\u00bb single_half_padding=\u00bb\u00bb single_title_serif=\u00bb\u00bb single_no_background=\u00bb\u00bb uncode_shortcode_id=\u00bb113322&#8243; items=\u00bbeyIxNDYxODNfaSI6eyJzaW5nbGVfbGluayI6InVybDpodHRwJTNBJTJGJTJGYWNhZGVteS5jaG9pc2V1bC5lcyUyRndwLWNvbnRlbnQlMkZ1cGxvYWRzJTJGMjAyNCUyRjExJTJGRXN0cmF0ZWdpYS1WYWN1bmFsLUVzcGFuYS5wZGZ8dGFyZ2V0Ol9ibGFuayJ9LCIxNDYxODVfaSI6eyJzaW5nbGVfbGluayI6InVybDpodHRwJTNBJTJGJTJGYWNhZGVteS5jaG9pc2V1bC5lcyUyRndwLWNvbnRlbnQlMkZ1cGxvYWRzJTJGMjAyNCUyRjExJTJGTm90YUVzdHJhdGVnaWNhMy1WYWN1bmFzLnBkZnx0YXJnZXQ6X2JsYW5rIn0sIjE0NjE4Nl9pIjp7InNpbmdsZV9saW5rIjoidXJsOmh0dHAlM0ElMkYlMkZhY2FkZW15LmNob2lzZXVsLmVzJTJGd3AtY29udGVudCUyRnVwbG9hZHMlMkYyMDI0JTJGMTElMkZOb3RhRXN0cmF0ZWdpY2EyLUVuZXJnaWFFbGVjdHJpY2EucGRmfHRhcmdldDpfYmxhbmsifSwiMTQ2MTg3X2kiOnsic2luZ2xlX2xpbmsiOiJ1cmw6aHR0cCUzQSUyRiUyRmFjYWRlbXkuY2hvaXNldWwuZXMlMkZ3cC1jb250ZW50JTJGdXBsb2FkcyUyRjIwMjQlMkYxMSUyRk5vdGFFc3RyYXRlZ2ljYTEtRGVmZW5zYS5wZGZ8dGFyZ2V0Ol9ibGFuayJ9LCIxNDYxODhfaSI6eyJzaW5nbGVfbGluayI6InVybDpodHRwJTNBJTJGJTJGYWNhZGVteS5jaG9pc2V1bC5lcyUyRndwLWNvbnRlbnQlMkZ1cGxvYWRzJTJGMjAyNCUyRjExJTJGTk9UQS1FU1RSQVRFR0lDQS1DSE9JU0VVTC1NRURJQ0FNRU5UT1MtUk5BTS1ESUNJRU1CUkUtMjAyMi5wZGZ8dGFyZ2V0Ol9ibGFuayJ9LCIxNDYxODlfaSI6eyJzaW5nbGVfbGluayI6InVybDpodHRwJTNBJTJGJTJGYWNhZGVteS5jaG9pc2V1bC5lcyUyRndwLWNvbnRlbnQlMkZ1cGxvYWRzJTJGMjAyNCUyRjExJTJGSW1wYWN0by1FY29ub21pY28tVmFjdW5hcy5wZGZ8dGFyZ2V0Ol9ibGFuayJ9LCIxNDYxOTBfaSI6eyJzaW5nbGVfbGluayI6InVybDpodHRwJTNBJTJGJTJGYWNhZGVteS5jaG9pc2V1bC5lcyUyRndwLWNvbnRlbnQlMkZ1cGxvYWRzJTJGMjAyNCUyRjExJTJGR2VvMTItVmFjdW5hcy5wZGZ8dGFyZ2V0Ol9ibGFuayJ9LCIxNDYxODRfaSI6eyJzaW5nbGVfbGluayI6InVybDpodHRwJTNBJTJGJTJGYWNhZGVteS5jaG9pc2V1bC5lcyUyRndwLWNvbnRlbnQlMkZ1cGxvYWRzJTJGMjAyNCUyRjExJTJGVmFjdW5hcy1TaWdsby1YWEkucGRmfHRhcmdldDpfYmxhbmsifX0=\u00bb][\/vc_column][\/vc_row]<\/p>\n<\/div>","protected":false},"excerpt":{"rendered":"<p>[vc_row row_height_percent=\u00bb0&#8243; override_padding=\u00bbyes\u00bb h_padding=\u00bb2&#8243; top_padding=\u00bb2&#8243; bottom_padding=\u00bb2&#8243; back_color=\u00bbcolor-210407&#8243; overlay_alpha=\u00bb0&#8243; gutter_size=\u00bb100&#8243; column_width_percent=\u00bb100&#8243; shift_y=\u00bb0&#8243; z_index=\u00bb0&#8243; top_divider=\u00bbgradient\u00bb content_parallax=\u00bb0&#8243; style=\u00bbinherited\u00bb row_name=\u00bbGallery\u00bb uncode_shortcode_id=\u00bb102906&#8243; back_color_type=\u00bbuncode-palette\u00bb][vc_column column_width_percent=\u00bb100&#8243; align_horizontal=\u00bbalign_center\u00bb [&hellip;]<\/p>\n","protected":false},"author":1,"featured_media":145853,"parent":0,"menu_order":0,"comment_status":"open","ping_status":"closed","template":"","meta":{"footnotes":""},"class_list":["post-146223","page","type-page","status-publish","has-post-thumbnail","hentry","page_category-demo-blog"],"_links":{"self":[{"href":"https:\/\/instituto.choiseul.es\/index.php\/wp-json\/wp\/v2\/pages\/146223"}],"collection":[{"href":"https:\/\/instituto.choiseul.es\/index.php\/wp-json\/wp\/v2\/pages"}],"about":[{"href":"https:\/\/instituto.choiseul.es\/index.php\/wp-json\/wp\/v2\/types\/page"}],"author":[{"embeddable":true,"href":"https:\/\/instituto.choiseul.es\/index.php\/wp-json\/wp\/v2\/users\/1"}],"replies":[{"embeddable":true,"href":"https:\/\/instituto.choiseul.es\/index.php\/wp-json\/wp\/v2\/comments?post=146223"}],"version-history":[{"count":15,"href":"https:\/\/instituto.choiseul.es\/index.php\/wp-json\/wp\/v2\/pages\/146223\/revisions"}],"predecessor-version":[{"id":146290,"href":"https:\/\/instituto.choiseul.es\/index.php\/wp-json\/wp\/v2\/pages\/146223\/revisions\/146290"}],"wp:featuredmedia":[{"embeddable":true,"href":"https:\/\/instituto.choiseul.es\/index.php\/wp-json\/wp\/v2\/media\/145853"}],"wp:attachment":[{"href":"https:\/\/instituto.choiseul.es\/index.php\/wp-json\/wp\/v2\/media?parent=146223"}],"curies":[{"name":"wp","href":"https:\/\/api.w.org\/{rel}","templated":true}]}}