{"id":4894,"date":"2015-01-11T11:19:08","date_gmt":"2015-01-11T10:19:08","guid":{"rendered":"https:\/\/undsgn.com\/uncode\/?page_id=4894"},"modified":"2024-11-20T18:28:02","modified_gmt":"2024-11-20T18:28:02","slug":"blog-metro","status":"publish","type":"page","link":"https:\/\/instituto.choiseul.es\/","title":{"rendered":"Inicio"},"content":{"rendered":"<div class=\"wpb-content-wrapper\"><p>[vc_row unlock_row_content=\u00bbyes\u00bb row_height_percent=\u00bb50&#8243; override_padding=\u00bbyes\u00bb h_padding=\u00bb0&#8243; top_padding=\u00bb0&#8243; bottom_padding=\u00bb0&#8243; back_color=\u00bbcolor-xsdn\u00bb overlay_alpha=\u00bb50&#8243; gutter_size=\u00bb3&#8243; column_width_percent=\u00bb100&#8243; shift_y=\u00bb0&#8243; z_index=\u00bb0&#8243; content_parallax=\u00bb0&#8243; uncode_shortcode_id=\u00bb945180&#8243; back_color_type=\u00bbuncode-palette\u00bb css=\u00bb.vc_custom_1730928763488{padding-top: 18px !important;padding-right: 18px !important;padding-bottom: 18px !important;padding-left: 18px !important;}\u00bb][vc_column column_width_percent=\u00bb100&#8243; align_horizontal=\u00bbalign_center\u00bb gutter_size=\u00bb3&#8243; expand_height=\u00bbyes\u00bb overlay_alpha=\u00bb50&#8243; shift_x=\u00bb0&#8243; shift_y=\u00bb0&#8243; shift_y_down=\u00bb0&#8243; z_index=\u00bb0&#8243; medium_width=\u00bb0&#8243; mobile_width=\u00bb0&#8243; width=\u00bb1\/1&#8243; uncode_shortcode_id=\u00bb180369&#8243;][vc_row_inner row_inner_height_percent=\u00bb0&#8243; overlay_alpha=\u00bb50&#8243; equal_height=\u00bbyes\u00bb gutter_size=\u00bb2&#8243; shift_y=\u00bb0&#8243; z_index=\u00bb0&#8243; limit_content=\u00bb\u00bb uncode_shortcode_id=\u00bb127812&#8243;][vc_column_inner column_width_percent=\u00bb100&#8243; position_vertical=\u00bbjustify\u00bb gutter_size=\u00bb3&#8243; override_padding=\u00bbyes\u00bb column_padding=\u00bb5&#8243; style=\u00bbdark\u00bb back_image=\u00bb145306&#8243; back_position=\u00bbcenter center\u00bb parallax=\u00bbyes\u00bb overlay_color=\u00bbcolor-jevc\u00bb overlay_alpha=\u00bb70&#8243; radius=\u00bbhg\u00bb shift_x=\u00bb0&#8243; shift_y=\u00bb0&#8243; shift_y_down=\u00bb0&#8243; z_index=\u00bb0&#8243; align_medium=\u00bbalign_center_tablet\u00bb medium_width=\u00bb3&#8243; align_mobile=\u00bbalign_center_mobile\u00bb mobile_width=\u00bb0&#8243; css_animation=\u00bbzoom-in\u00bb width=\u00bb1\/3&#8243; uncode_shortcode_id=\u00bb539267&#8243; back_color_type=\u00bbuncode-solid\u00bb back_color_solid=\u00bbrgba(255,255,255,0.15)\u00bb overlay_color_type=\u00bbuncode-palette\u00bb][vc_custom_heading text_color=\u00bbcolor-rgdb\u00bb heading_semantic=\u00bbh6&#8243; text_size=\u00bbfontsize-160000&#8243; text_transform=\u00bbuppercase\u00bb text_space=\u00bbfontspace-210350&#8243; badge_style=\u00bbyes\u00bb back_color=\u00bbcolor-xsdn\u00bb radius=\u00bbxl\u00bb uncode_shortcode_id=\u00bb650080&#8243; back_color_type=\u00bbuncode-palette\u00bb text_color_type=\u00bbuncode-palette\u00bb]Misi\u00f3n[\/vc_custom_heading][vc_custom_heading heading_semantic=\u00bbh6&#8243; text_font=\u00bbfont-634902&#8243; text_size=\u00bbh6&#8243; text_weight=\u00bb400&#8243; text_height=\u00bbfontheight-357766&#8243; uncode_shortcode_id=\u00bb425291&#8243;]Compartimos una visi\u00f3n global, con especial atenci\u00f3n a Europa, Am\u00e9rica Latina y Oriente Medio[\/vc_custom_heading][vc_button radius=\u00bbbtn-circle\u00bb outline=\u00bbyes\u00bb border_width=\u00bb0&#8243; scale_mobile=\u00bbno\u00bb uncode_shortcode_id=\u00bb196506&#8243; link=\u00bburl:https%3A%2F%2Facademy.choiseul.es%2Findex.php%2Fmision-2|title:Misi%C3%B3n\u00bb]Conocer m\u00e1s[\/vc_button][\/vc_column_inner][vc_column_inner column_width_percent=\u00bb100&#8243; position_vertical=\u00bbjustify\u00bb gutter_size=\u00bb3&#8243; override_padding=\u00bbyes\u00bb column_padding=\u00bb5&#8243; style=\u00bbdark\u00bb back_color=\u00bbaccent\u00bb back_image=\u00bb145762&#8243; overlay_color=\u00bbcolor-210407&#8243; overlay_alpha=\u00bb90&#8243; radius=\u00bbhg\u00bb shift_x=\u00bb0&#8243; shift_y=\u00bb0&#8243; shift_y_down=\u00bb0&#8243; z_index=\u00bb0&#8243; align_medium=\u00bbalign_center_tablet\u00bb medium_width=\u00bb3&#8243; align_mobile=\u00bbalign_center_mobile\u00bb mobile_width=\u00bb0&#8243; css_animation=\u00bbzoom-in\u00bb width=\u00bb1\/3&#8243; uncode_shortcode_id=\u00bb110200&#8243; back_color_type=\u00bbuncode-palette\u00bb overlay_color_type=\u00bbuncode-palette\u00bb][vc_custom_heading text_color=\u00bbcolor-rgdb\u00bb heading_semantic=\u00bbh6&#8243; text_size=\u00bbfontsize-160000&#8243; text_transform=\u00bbuppercase\u00bb text_space=\u00bbfontspace-210350&#8243; badge_style=\u00bbyes\u00bb back_color=\u00bbcolor-xsdn\u00bb radius=\u00bbxl\u00bb uncode_shortcode_id=\u00bb780783&#8243; back_color_type=\u00bbuncode-palette\u00bb text_color_type=\u00bbuncode-palette\u00bb]LATAM Geo tracker\u00a9[\/vc_custom_heading][vc_custom_heading heading_semantic=\u00bbh6&#8243; text_font=\u00bbfont-634902&#8243; text_size=\u00bbh6&#8243; text_weight=\u00bb400&#8243; text_height=\u00bbfontheight-357766&#8243; uncode_shortcode_id=\u00bb189275&#8243;]Centro de investigaci\u00f3n independiente con socios fundadores de reconocido prestigio[\/vc_custom_heading][vc_button radius=\u00bbbtn-circle\u00bb outline=\u00bbyes\u00bb border_width=\u00bb0&#8243; scale_mobile=\u00bbno\u00bb uncode_shortcode_id=\u00bb221887&#8243; link=\u00bburl:https%3A%2F%2Facademy.choiseul.es%2Findex.php%2Flatam-geo-tracker|title:Gobernanza\u00bb]Conocer m\u00e1s[\/vc_button][\/vc_column_inner][vc_column_inner column_width_percent=\u00bb100&#8243; position_vertical=\u00bbjustify\u00bb gutter_size=\u00bb3&#8243; override_padding=\u00bbyes\u00bb column_padding=\u00bb5&#8243; style=\u00bbdark\u00bb back_image=\u00bb146062&#8243; multiple_media=\u00bbyes\u00bb medias=\u00bb146063&#8243; bg_transition_time=\u00bb250&#8243; bg_carousel_time=\u00bb5000&#8243; bg_transition_threshold=\u00bb0&#8243; overlay_alpha=\u00bb50&#8243; radius=\u00bbhg\u00bb shift_x=\u00bb0&#8243; shift_y=\u00bb0&#8243; shift_y_down=\u00bb0&#8243; z_index=\u00bb0&#8243; medium_width=\u00bb3&#8243; mobile_width=\u00bb0&#8243; css_animation=\u00bbzoom-in\u00bb width=\u00bb1\/3&#8243; uncode_shortcode_id=\u00bb171954&#8243; back_color_type=\u00bbuncode-solid\u00bb back_color_solid=\u00bbrgba(0,0,0,0.15)\u00bb][vc_empty_space empty_h=\u00bb5&#8243;][vc_empty_space empty_h=\u00bb5&#8243;][\/vc_column_inner][\/vc_row_inner][\/vc_column][\/vc_row][vc_row unlock_row_content=\u00bbyes\u00bb row_height_percent=\u00bb50&#8243; override_padding=\u00bbyes\u00bb h_padding=\u00bb0&#8243; top_padding=\u00bb0&#8243; bottom_padding=\u00bb0&#8243; back_color=\u00bbcolor-wayh\u00bb overlay_alpha=\u00bb50&#8243; equal_height=\u00bbyes\u00bb gutter_size=\u00bb0&#8243; column_width_percent=\u00bb100&#8243; shift_y=\u00bb0&#8243; z_index=\u00bb0&#8243; content_parallax=\u00bb0&#8243; uncode_shortcode_id=\u00bb189962&#8243; back_color_type=\u00bbuncode-palette\u00bb][vc_column column_width_percent=\u00bb100&#8243; position_vertical=\u00bbmiddle\u00bb gutter_size=\u00bb3&#8243; override_padding=\u00bbyes\u00bb column_padding=\u00bb4&#8243; style=\u00bbdark\u00bb overlay_alpha=\u00bb80&#8243; shift_x=\u00bb0&#8243; shift_y=\u00bb0&#8243; shift_y_down=\u00bb0&#8243; z_index=\u00bb0&#8243; align_medium=\u00bbalign_center_tablet\u00bb medium_width=\u00bb0&#8243; align_mobile=\u00bbalign_center_mobile\u00bb mobile_width=\u00bb0&#8243; css_animation=\u00bbzoom-in\u00bb width=\u00bb6\/12&#8243; uncode_shortcode_id=\u00bb208950&#8243; back_color_type=\u00bbuncode-solid\u00bb back_color_solid=\u00bb#00a7f4&#8243;][vc_custom_heading text_color=\u00bbcolor-rgdb\u00bb heading_semantic=\u00bbh6&#8243; text_size=\u00bbfontsize-160000&#8243; text_transform=\u00bbuppercase\u00bb text_space=\u00bbfontspace-210350&#8243; heading_display=\u00bbinline\u00bb badge_style=\u00bbyes\u00bb back_color=\u00bbcolor-xsdn\u00bb radius=\u00bbxl\u00bb uncode_shortcode_id=\u00bb410424&#8243; back_color_type=\u00bbuncode-palette\u00bb text_color_type=\u00bbuncode-palette\u00bb]Choiseul 100[\/vc_custom_heading][vc_custom_heading heading_semantic=\u00bbh3&#8243; text_font=\u00bbfont-634902&#8243; text_size=\u00bbh3&#8243; text_weight=\u00bb400&#8243; uncode_shortcode_id=\u00bb195463&#8243;]Conoce a los<br \/>\n<strong>100 l\u00edderes<br \/>\n<\/strong>globales Espa\u00f1oles[\/vc_custom_heading][vc_row_inner][vc_column_inner column_width_percent=\u00bb100&#8243; gutter_size=\u00bb3&#8243; style=\u00bbdark\u00bb overlay_alpha=\u00bb50&#8243; shift_x=\u00bb0&#8243; shift_y=\u00bb0&#8243; z_index=\u00bb0&#8243; align_medium=\u00bbalign_center_tablet\u00bb medium_width=\u00bb0&#8243; align_mobile=\u00bbalign_center_mobile\u00bb width=\u00bb1\/1&#8243;][vc_button radius=\u00bbbtn-circle\u00bb outline=\u00bbyes\u00bb border_width=\u00bb0&#8243; scale_mobile=\u00bbno\u00bb uncode_shortcode_id=\u00bb165464&#8243; link=\u00bburl:https%3A%2F%2Facademy.choiseul.es%2Findex.php%2Fchoiseul-100|title:CHOISEUL%20100&#8243;]Conocer m\u00e1s[\/vc_button][\/vc_column_inner][\/vc_row_inner][\/vc_column][vc_column column_width_percent=\u00bb100&#8243; position_vertical=\u00bbmiddle\u00bb align_horizontal=\u00bbalign_center\u00bb gutter_size=\u00bb0&#8243; override_padding=\u00bbyes\u00bb column_padding=\u00bb4&#8243; style=\u00bbdark\u00bb back_image=\u00bb146047&#8243; overlay_alpha=\u00bb50&#8243; shift_x=\u00bb0&#8243; shift_y=\u00bb0&#8243; shift_y_down=\u00bb0&#8243; z_index=\u00bb0&#8243; medium_width=\u00bb0&#8243; mobile_width=\u00bb0&#8243; css_animation=\u00bbzoom-in\u00bb width=\u00bb3\/12&#8243; mobile_height=\u00bb280&#8243; uncode_shortcode_id=\u00bb184834&#8243;][vc_empty_space empty_h=\u00bb4&#8243;][vc_empty_space empty_h=\u00bb4&#8243;][\/vc_column][vc_column column_width_percent=\u00bb100&#8243; position_vertical=\u00bbmiddle\u00bb align_horizontal=\u00bbalign_center\u00bb gutter_size=\u00bb0&#8243; override_padding=\u00bbyes\u00bb column_padding=\u00bb4&#8243; back_color=\u00bbcolor-xsdn\u00bb back_image=\u00bb146066&#8243; overlay_alpha=\u00bb50&#8243; shift_x=\u00bb0&#8243; shift_y=\u00bb0&#8243; shift_y_down=\u00bb0&#8243; z_index=\u00bb0&#8243; align_medium=\u00bbalign_center_tablet\u00bb medium_width=\u00bb0&#8243; align_mobile=\u00bbalign_center_mobile\u00bb mobile_width=\u00bb0&#8243; css_animation=\u00bbzoom-in\u00bb width=\u00bb3\/12&#8243; uncode_shortcode_id=\u00bb812968&#8243; back_color_type=\u00bbuncode-palette\u00bb][vc_empty_space empty_h=\u00bb4&#8243;][vc_empty_space empty_h=\u00bb4&#8243;][\/vc_column][\/vc_row][vc_row unlock_row_content=\u00bbyes\u00bb row_height_percent=\u00bb50&#8243; override_padding=\u00bbyes\u00bb h_padding=\u00bb0&#8243; top_padding=\u00bb0&#8243; bottom_padding=\u00bb0&#8243; back_color=\u00bbcolor-xsdn\u00bb overlay_alpha=\u00bb50&#8243; gutter_size=\u00bb3&#8243; column_width_percent=\u00bb100&#8243; shift_y=\u00bb0&#8243; z_index=\u00bb0&#8243; content_parallax=\u00bb0&#8243; uncode_shortcode_id=\u00bb197814&#8243; back_color_type=\u00bbuncode-palette\u00bb css=\u00bb.vc_custom_1730928862758{padding-top: 18px !important;padding-right: 18px !important;padding-bottom: 18px !important;padding-left: 18px !important;}\u00bb][vc_column column_width_percent=\u00bb100&#8243; align_horizontal=\u00bbalign_center\u00bb gutter_size=\u00bb3&#8243; overlay_alpha=\u00bb50&#8243; shift_x=\u00bb0&#8243; shift_y=\u00bb0&#8243; shift_y_down=\u00bb0&#8243; z_index=\u00bb0&#8243; medium_width=\u00bb0&#8243; mobile_width=\u00bb0&#8243; width=\u00bb1\/1&#8243; uncode_shortcode_id=\u00bb106493&#8243;][vc_row_inner row_inner_height_percent=\u00bb0&#8243; overlay_alpha=\u00bb50&#8243; equal_height=\u00bbyes\u00bb gutter_size=\u00bb2&#8243; shift_y=\u00bb0&#8243; z_index=\u00bb0&#8243; limit_content=\u00bb\u00bb uncode_shortcode_id=\u00bb287771&#8243;][vc_column_inner column_width_percent=\u00bb100&#8243; position_vertical=\u00bbjustify\u00bb gutter_size=\u00bb3&#8243; override_padding=\u00bbyes\u00bb column_padding=\u00bb5&#8243; style=\u00bbdark\u00bb back_image=\u00bb146068&#8243; kburns=\u00bbyes\u00bb overlay_color=\u00bbcolor-uydo\u00bb overlay_alpha=\u00bb85&#8243; radius=\u00bbhg\u00bb shift_x=\u00bb0&#8243; shift_y=\u00bb0&#8243; shift_y_down=\u00bb0&#8243; z_index=\u00bb0&#8243; align_medium=\u00bbalign_center_tablet\u00bb medium_width=\u00bb3&#8243; align_mobile=\u00bbalign_center_mobile\u00bb mobile_width=\u00bb0&#8243; css_animation=\u00bbzoom-in\u00bb width=\u00bb1\/3&#8243; uncode_shortcode_id=\u00bb175992&#8243; back_color_type=\u00bbuncode-solid\u00bb back_color_solid=\u00bbrgba(0,0,0,0.15)\u00bb overlay_color_type=\u00bbuncode-palette\u00bb][vc_custom_heading text_color=\u00bbaccent\u00bb heading_semantic=\u00bbh6&#8243; text_size=\u00bbfontsize-160000&#8243; text_transform=\u00bbuppercase\u00bb text_space=\u00bbfontspace-210350&#8243; badge_style=\u00bbyes\u00bb back_color=\u00bbcolor-210407&#8243; radius=\u00bbxl\u00bb uncode_shortcode_id=\u00bb158859&#8243; back_color_type=\u00bbuncode-palette\u00bb text_color_type=\u00bbuncode-palette\u00bb]PUBLICACIONES[\/vc_custom_heading][vc_custom_heading text_color=\u00bbcolor-210407&#8243; heading_semantic=\u00bbh6&#8243; text_font=\u00bbfont-634902&#8243; text_size=\u00bbh6&#8243; text_weight=\u00bb400&#8243; text_height=\u00bbfontheight-357766&#8243; uncode_shortcode_id=\u00bb182356&#8243; text_color_type=\u00bbuncode-palette\u00bb]Descubre an\u00e1lisis profundos<br \/>\nsobre geopol\u00edtica y econom\u00eda[\/vc_custom_heading][vc_button button_color=\u00bbcolor-210407&#8243; radius=\u00bbbtn-circle\u00bb outline=\u00bbyes\u00bb border_width=\u00bb0&#8243; scale_mobile=\u00bbno\u00bb uncode_shortcode_id=\u00bb165549&#8243; link=\u00bburl:https%3A%2F%2Facademy.choiseul.es%2Findex.php%2Fpublicaciones|title:Observatorios\u00bb button_color_type=\u00bbuncode-palette\u00bb]Conocer m\u00e1s[\/vc_button][\/vc_column_inner][vc_column_inner column_width_percent=\u00bb100&#8243; position_vertical=\u00bbjustify\u00bb gutter_size=\u00bb3&#8243; override_padding=\u00bbyes\u00bb column_padding=\u00bb5&#8243; style=\u00bbdark\u00bb back_image=\u00bb145812&#8243; overlay_color=\u00bbcolor-jevc\u00bb overlay_alpha=\u00bb80&#8243; radius=\u00bbhg\u00bb shift_x=\u00bb0&#8243; shift_y=\u00bb0&#8243; shift_y_down=\u00bb0&#8243; z_index=\u00bb0&#8243; align_medium=\u00bbalign_center_tablet\u00bb medium_width=\u00bb3&#8243; align_mobile=\u00bbalign_center_mobile\u00bb mobile_width=\u00bb0&#8243; css_animation=\u00bbzoom-in\u00bb width=\u00bb1\/3&#8243; uncode_shortcode_id=\u00bb153665&#8243; back_color_type=\u00bbuncode-solid\u00bb back_color_solid=\u00bbrgba(255,255,255,0.15)\u00bb overlay_color_type=\u00bbuncode-palette\u00bb][vc_custom_heading text_color=\u00bbcolor-rgdb\u00bb heading_semantic=\u00bbh6&#8243; text_size=\u00bbfontsize-160000&#8243; text_transform=\u00bbuppercase\u00bb text_space=\u00bbfontspace-210350&#8243; badge_style=\u00bbyes\u00bb back_color=\u00bbcolor-xsdn\u00bb radius=\u00bbxl\u00bb uncode_shortcode_id=\u00bb967103&#8243; back_color_type=\u00bbuncode-palette\u00bb text_color_type=\u00bbuncode-palette\u00bb]OBSERVATORIOS[\/vc_custom_heading][vc_custom_heading heading_semantic=\u00bbh6&#8243; text_font=\u00bbfont-634902&#8243; text_size=\u00bbh6&#8243; text_weight=\u00bb400&#8243; text_height=\u00bbfontheight-357766&#8243; uncode_shortcode_id=\u00bb125324&#8243;]Analizamos la pol\u00edtica internacional y su incidencia en el \u00e1mbito empresarial[\/vc_custom_heading][vc_button radius=\u00bbbtn-circle\u00bb outline=\u00bbyes\u00bb border_width=\u00bb0&#8243; scale_mobile=\u00bbno\u00bb uncode_shortcode_id=\u00bb580606&#8243; link=\u00bburl:https%3A%2F%2Facademy.choiseul.es%2Findex.php%2Fobservatorios|title:Observatorios\u00bb]Conocer m\u00e1s[\/vc_button][\/vc_column_inner][vc_column_inner column_width_percent=\u00bb100&#8243; position_vertical=\u00bbjustify\u00bb gutter_size=\u00bb3&#8243; override_padding=\u00bbyes\u00bb column_padding=\u00bb5&#8243; style=\u00bbdark\u00bb back_color=\u00bbaccent\u00bb back_image=\u00bb145835&#8243; overlay_color=\u00bbcolor-210407&#8243; overlay_alpha=\u00bb90&#8243; radius=\u00bbhg\u00bb shift_x=\u00bb0&#8243; shift_y=\u00bb0&#8243; shift_y_down=\u00bb0&#8243; z_index=\u00bb0&#8243; align_medium=\u00bbalign_center_tablet\u00bb medium_width=\u00bb3&#8243; align_mobile=\u00bbalign_center_mobile\u00bb mobile_width=\u00bb0&#8243; css_animation=\u00bbzoom-in\u00bb width=\u00bb1\/3&#8243; uncode_shortcode_id=\u00bb154661&#8243; back_color_type=\u00bbuncode-palette\u00bb overlay_color_type=\u00bbuncode-palette\u00bb][vc_custom_heading text_color=\u00bbcolor-rgdb\u00bb heading_semantic=\u00bbh6&#8243; text_size=\u00bbfontsize-160000&#8243; text_transform=\u00bbuppercase\u00bb text_space=\u00bbfontspace-210350&#8243; badge_style=\u00bbyes\u00bb back_color=\u00bbcolor-xsdn\u00bb radius=\u00bbxl\u00bb uncode_shortcode_id=\u00bb914231&#8243; back_color_type=\u00bbuncode-palette\u00bb text_color_type=\u00bbuncode-palette\u00bb]Choiseul Academy[\/vc_custom_heading][vc_custom_heading heading_semantic=\u00bbh6&#8243; text_font=\u00bbfont-634902&#8243; text_size=\u00bbh6&#8243; text_weight=\u00bb400&#8243; text_height=\u00bbfontheight-357766&#8243; uncode_shortcode_id=\u00bb107389&#8243;]<\/p>\n<h3><strong><em>Action Tank <\/em><\/strong>de academia y consultor\u00eda<\/h3>\n<p>[\/vc_custom_heading][vc_button radius=\u00bbbtn-circle\u00bb outline=\u00bbyes\u00bb border_width=\u00bb0&#8243; scale_mobile=\u00bbno\u00bb uncode_shortcode_id=\u00bb528612&#8243; link=\u00bburl:https%3A%2F%2Facademy.choiseul.es%2Findex.php%2Fchoiseul-academy|title:CHOISEUL%20ACADEMY%C2%A9&#8243;]Conocer m\u00e1s[\/vc_button][\/vc_column_inner][\/vc_row_inner][\/vc_column][\/vc_row][vc_row row_height_percent=\u00bb50&#8243; override_padding=\u00bbyes\u00bb h_padding=\u00bb2&#8243; top_padding=\u00bb5&#8243; bottom_padding=\u00bb5&#8243; back_color=\u00bbcolor-wayh\u00bb back_image=\u00bb145295&#8243; parallax=\u00bbyes\u00bb overlay_color=\u00bbcolor-210407&#8243; overlay_alpha=\u00bb80&#8243; gutter_size=\u00bb3&#8243; column_width_percent=\u00bb100&#8243; shift_y=\u00bb0&#8243; z_index=\u00bb0&#8243; content_parallax=\u00bb0&#8243; uncode_shortcode_id=\u00bb161668&#8243; back_color_type=\u00bbuncode-palette\u00bb overlay_color_type=\u00bbuncode-palette\u00bb][vc_column column_width_use_pixel=\u00bbyes\u00bb position_vertical=\u00bbmiddle\u00bb align_horizontal=\u00bbalign_center\u00bb gutter_size=\u00bb3&#8243; style=\u00bbdark\u00bb overlay_alpha=\u00bb50&#8243; shift_x=\u00bb0&#8243; shift_y=\u00bb0&#8243; shift_y_down=\u00bb0&#8243; z_index=\u00bb0&#8243; medium_width=\u00bb0&#8243; mobile_width=\u00bb0&#8243; css_animation=\u00bbzoom-in\u00bb width=\u00bb1\/1&#8243; column_width_pixel=\u00bb900&#8243; uncode_shortcode_id=\u00bb204519&#8243;][vc_custom_heading text_color=\u00bbcolor-rgdb\u00bb heading_semantic=\u00bbh6&#8243; text_size=\u00bbfontsize-160000&#8243; text_transform=\u00bbuppercase\u00bb text_space=\u00bbfontspace-210350&#8243; badge_style=\u00bbyes\u00bb back_color=\u00bbcolor-xsdn\u00bb radius=\u00bbxl\u00bb uncode_shortcode_id=\u00bb146703&#8243; back_color_type=\u00bbuncode-palette\u00bb text_color_type=\u00bbuncode-palette\u00bb]Actualidad[\/vc_custom_heading][vc_custom_heading heading_semantic=\u00bbh3&#8243; text_size=\u00bbfontsize-155944&#8243; uncode_shortcode_id=\u00bb178239&#8243;]Tratamos sobre los grandes equilibrios geoestrat\u00e9gicos[\/vc_custom_heading][vc_button button_color=\u00bbaccent\u00bb radius=\u00bbbtn-circle\u00bb outline=\u00bbyes\u00bb text_skin=\u00bbyes\u00bb border_width=\u00bb0&#8243; link=\u00bburl:https%3A%2F%2Facademy.choiseul.es%2Findex.php%2Factualidad|title:Actualidad\u00bb button_color_type=\u00bbuncode-palette\u00bb uncode_shortcode_id=\u00bb115897&#8243;]Conocer m\u00e1s[\/vc_button][\/vc_column][\/vc_row]<\/p>\n<\/div>","protected":false},"excerpt":{"rendered":"<p>[vc_row unlock_row_content=\u00bbyes\u00bb row_height_percent=\u00bb50&#8243; override_padding=\u00bbyes\u00bb h_padding=\u00bb0&#8243; top_padding=\u00bb0&#8243; bottom_padding=\u00bb0&#8243; back_color=\u00bbcolor-xsdn\u00bb overlay_alpha=\u00bb50&#8243; gutter_size=\u00bb3&#8243; column_width_percent=\u00bb100&#8243; shift_y=\u00bb0&#8243; z_index=\u00bb0&#8243; content_parallax=\u00bb0&#8243; uncode_shortcode_id=\u00bb945180&#8243; back_color_type=\u00bbuncode-palette\u00bb css=\u00bb.vc_custom_1730928763488{padding-top: 18px !important;padding-right: 18px [&hellip;]<\/p>\n","protected":false},"author":1,"featured_media":117688,"parent":0,"menu_order":0,"comment_status":"open","ping_status":"closed","template":"","meta":{"footnotes":""},"class_list":["post-4894","page","type-page","status-publish","has-post-thumbnail","hentry","page_category-demo-blog"],"_links":{"self":[{"href":"https:\/\/instituto.choiseul.es\/index.php\/wp-json\/wp\/v2\/pages\/4894"}],"collection":[{"href":"https:\/\/instituto.choiseul.es\/index.php\/wp-json\/wp\/v2\/pages"}],"about":[{"href":"https:\/\/instituto.choiseul.es\/index.php\/wp-json\/wp\/v2\/types\/page"}],"author":[{"embeddable":true,"href":"https:\/\/instituto.choiseul.es\/index.php\/wp-json\/wp\/v2\/users\/1"}],"replies":[{"embeddable":true,"href":"https:\/\/instituto.choiseul.es\/index.php\/wp-json\/wp\/v2\/comments?post=4894"}],"version-history":[{"count":400,"href":"https:\/\/instituto.choiseul.es\/index.php\/wp-json\/wp\/v2\/pages\/4894\/revisions"}],"predecessor-version":[{"id":146610,"href":"https:\/\/instituto.choiseul.es\/index.php\/wp-json\/wp\/v2\/pages\/4894\/revisions\/146610"}],"wp:featuredmedia":[{"embeddable":true,"href":"https:\/\/instituto.choiseul.es\/index.php\/wp-json\/wp\/v2\/media\/117688"}],"wp:attachment":[{"href":"https:\/\/instituto.choiseul.es\/index.php\/wp-json\/wp\/v2\/media?parent=4894"}],"curies":[{"name":"wp","href":"https:\/\/api.w.org\/{rel}","templated":true}]}}